{"id":109,"date":"2016-07-08T14:53:01","date_gmt":"2016-07-08T14:53:01","guid":{"rendered":"http:\/\/frank-brodda.de\/?page_id=109"},"modified":"2018-06-25T13:39:25","modified_gmt":"2018-06-25T13:39:25","slug":"service","status":"publish","type":"page","link":"https:\/\/frank-brodda.de\/?page_id=109","title":{"rendered":"Service"},"content":{"rendered":"<h4>Unser Service f\u00fcr Vermieter<\/h4>\n<p>Wir erstellen nach Ihren Vorgaben ein Mieterprofil.<\/p>\n<p>Werbema\u00dfnahmen wie Ihr Eintrag bei immobilienscout24 oder\/und Werbemittel wie Hinweisschilder f\u00fcr die Vermietung werden von uns \u00fcbernommen.<\/p>\n<p>Wir treffen f\u00fcr Sie eine Vorauswahl geeigneter und Ihren Vorstellungen entsprechenden Mietinteressenten nach vorheriger Einholung der Selbstauskunft sowie Vornahme einer Bonit\u00e4tspr\u00fcfung.<\/p>\n<p>Gerne k\u00f6nnen Besichtigungstermine auch ohne Ihre Anwesenheit stattfinden.<\/p>\n<p>Unsere Mietvertragsvorlagen sind anwaltlich gepr\u00fcft.<\/p>\n<p>Die aktuelle Nebenkostenverordnung stellen wir zur Verf\u00fcgung.<\/p>\n<h5 style=\"text-align: center;\">Zeit und M\u00fchen sparen<br \/>\nZiele erreichen<\/h5>\n<h4 style=\"text-align: center;\">Vermieter-Service-Paket<\/h4>\n<p style=\"text-align: center;\"><em>unverbindlich &amp; kostenlos<\/em><\/p>\n","protected":false},"excerpt":{"rendered":"<p>Unser Service f\u00fcr Vermieter Wir erstellen nach Ihren Vorgaben ein Mieterprofil. Werbema\u00dfnahmen wie Ihr Eintrag bei immobilienscout24 oder\/und Werbemittel wie Hinweisschilder f\u00fcr die Vermietung werden von uns \u00fcbernommen. Wir treffen f\u00fcr Sie eine Vorauswahl geeigneter und Ihren Vorstellungen entsprechenden Mietinteressenten nach vorheriger Einholung der Selbstauskunft sowie Vornahme einer Bonit\u00e4tspr\u00fcfung. Gerne k\u00f6nnen Besichtigungstermine auch ohne Ihre &hellip; <a href=\"https:\/\/frank-brodda.de\/?page_id=109\" class=\"more-link\"><span class=\"screen-reader-text\">\u201eService\u201c<\/span> weiterlesen<\/a><\/p>\n","protected":false},"author":1,"featured_media":0,"parent":119,"menu_order":0,"comment_status":"closed","ping_status":"closed","template":"","meta":{"footnotes":"","_links_to":"","_links_to_target":""},"class_list":["post-109","page","type-page","status-publish","hentry"],"_links":{"self":[{"href":"https:\/\/frank-brodda.de\/index.php?rest_route=\/wp\/v2\/pages\/109","targetHints":{"allow":["GET"]}}],"collection":[{"href":"https:\/\/frank-brodda.de\/index.php?rest_route=\/wp\/v2\/pages"}],"about":[{"href":"https:\/\/frank-brodda.de\/index.php?rest_route=\/wp\/v2\/types\/page"}],"author":[{"embeddable":true,"href":"https:\/\/frank-brodda.de\/index.php?rest_route=\/wp\/v2\/users\/1"}],"replies":[{"embeddable":true,"href":"https:\/\/frank-brodda.de\/index.php?rest_route=%2Fwp%2Fv2%2Fcomments&post=109"}],"version-history":[{"count":7,"href":"https:\/\/frank-brodda.de\/index.php?rest_route=\/wp\/v2\/pages\/109\/revisions"}],"predecessor-version":[{"id":330,"href":"https:\/\/frank-brodda.de\/index.php?rest_route=\/wp\/v2\/pages\/109\/revisions\/330"}],"up":[{"embeddable":true,"href":"https:\/\/frank-brodda.de\/index.php?rest_route=\/wp\/v2\/pages\/119"}],"wp:attachment":[{"href":"https:\/\/frank-brodda.de\/index.php?rest_route=%2Fwp%2Fv2%2Fmedia&parent=109"}],"curies":[{"name":"wp","href":"https:\/\/api.w.org\/{rel}","templated":true}]}}