{"id":11,"date":"2016-07-07T13:43:43","date_gmt":"2016-07-07T13:43:43","guid":{"rendered":"http:\/\/frank-brodda.de\/?page_id=11"},"modified":"2018-06-26T13:25:50","modified_gmt":"2018-06-26T13:25:50","slug":"profil","status":"publish","type":"page","link":"https:\/\/frank-brodda.de\/","title":{"rendered":"Profil"},"content":{"rendered":"<p style=\"text-align: justify;\">Wir wissen, dass Ihr Haus Ihre gr\u00f6\u00dfte Investition ist.<\/p>\n<p>Sie k\u00f6nnen auf uns z\u00e4hlen, egal, ob Sie Ihr allererstes Haus kaufen oder vor Ihrem Ruhestand verkaufen.<\/p>\n<p>Wir sind hochqualifiziert und bieten Ihnen alle Instrumente und Rat, besonders im Blick auf den heutigen, sich schnell ver\u00e4ndernden und komplexen Immobilienmarkt.<\/p>\n<p>Wir beantworten gerne Fragen zum Kauf oder Verkauf Ihres Hauses und erstellen kostenlos die entsprechende Bewertung.<\/p>\n<p>Kontaktieren Sie uns jetzt!<\/p>\n<p>IMMOBILIEN FRANK profitiert von jahrelanger Erfahrung mit K\u00e4ufern sowie mit Verk\u00e4ufern und bietet pers\u00f6nliche, freundliche und professionelle Beratung.<\/p>\n<p>Die Auszeichnung als Premium-Partner der CEO Scout-24-Gruppe bescheinigt uns gro\u00dfes Engagement und hervorragende Kundenbewertungen, womit wir zu den Besten der Immobiliebranche geh\u00f6ren.<\/p>\n<p><a href=\"https:\/\/frank-brodda.de\/wp-content\/uploads\/2016\/07\/aa0204f534b33eb42552765.pdf\" target=\"_blank\"><img decoding=\"async\" src=\"https:\/\/frank-brodda.de\/wp-content\/uploads\/2016\/07\/Unbenannt.png\" alt=\"\" width=\"100\" \/><\/a><\/p>\n<p>Nehmen Sie\u00a0einfach Kontakt mit uns auf\u00a0und nutzen Sie unsere Dienste!<\/p>\n<p><img loading=\"lazy\" decoding=\"async\" class=\"alignnone size-full wp-image-174\" src=\"https:\/\/frank-brodda.de\/wp-content\/uploads\/2016\/07\/index.jpg\" alt=\"index\" width=\"100\" height=\"151\" \/><\/p>\n<p><strong>Ansprechpartner: Frank Brodda<\/strong><\/p>\n<p><strong>Mobiltelefon 0177 8501820<\/strong><\/p>\n","protected":false},"excerpt":{"rendered":"<p>Wir wissen, dass Ihr Haus Ihre gr\u00f6\u00dfte Investition ist. Sie k\u00f6nnen auf uns z\u00e4hlen, egal, ob Sie Ihr allererstes Haus kaufen oder vor Ihrem Ruhestand verkaufen. Wir sind hochqualifiziert und bieten Ihnen alle Instrumente und Rat, besonders im Blick auf den heutigen, sich schnell ver\u00e4ndernden und komplexen Immobilienmarkt. Wir beantworten gerne Fragen zum Kauf oder &hellip; <a href=\"https:\/\/frank-brodda.de\/\" class=\"more-link\"><span class=\"screen-reader-text\">\u201eProfil\u201c<\/span> weiterlesen<\/a><\/p>\n","protected":false},"author":1,"featured_media":0,"parent":0,"menu_order":0,"comment_status":"closed","ping_status":"closed","template":"","meta":{"footnotes":"","_links_to":"","_links_to_target":""},"class_list":["post-11","page","type-page","status-publish","hentry"],"_links":{"self":[{"href":"https:\/\/frank-brodda.de\/index.php?rest_route=\/wp\/v2\/pages\/11","targetHints":{"allow":["GET"]}}],"collection":[{"href":"https:\/\/frank-brodda.de\/index.php?rest_route=\/wp\/v2\/pages"}],"about":[{"href":"https:\/\/frank-brodda.de\/index.php?rest_route=\/wp\/v2\/types\/page"}],"author":[{"embeddable":true,"href":"https:\/\/frank-brodda.de\/index.php?rest_route=\/wp\/v2\/users\/1"}],"replies":[{"embeddable":true,"href":"https:\/\/frank-brodda.de\/index.php?rest_route=%2Fwp%2Fv2%2Fcomments&post=11"}],"version-history":[{"count":16,"href":"https:\/\/frank-brodda.de\/index.php?rest_route=\/wp\/v2\/pages\/11\/revisions"}],"predecessor-version":[{"id":338,"href":"https:\/\/frank-brodda.de\/index.php?rest_route=\/wp\/v2\/pages\/11\/revisions\/338"}],"wp:attachment":[{"href":"https:\/\/frank-brodda.de\/index.php?rest_route=%2Fwp%2Fv2%2Fmedia&parent=11"}],"curies":[{"name":"wp","href":"https:\/\/api.w.org\/{rel}","templated":true}]}}