{"id":16,"date":"2016-07-07T13:46:11","date_gmt":"2016-07-07T13:46:11","guid":{"rendered":"http:\/\/frank-brodda.de\/?page_id=16"},"modified":"2018-01-26T14:29:17","modified_gmt":"2018-01-26T14:29:17","slug":"recht","status":"publish","type":"page","link":"https:\/\/frank-brodda.de\/?page_id=16","title":{"rendered":"Recht"},"content":{"rendered":"<p>Webseitenbetreiber m\u00fcssen eine Vielzahl  von Vorschriften \u200ebeachten. wir sind stets bem\u00fcht, die Grundregeln zu beachten und keine Vorschriften zu verletzen.<\/p>\n<p>Die rechtlichen Hinweise auf dieser Webseite erheben keinerlei Anspruch auf Vollst\u00e4ndigkeit. F\u00fcr die Richtigkeit der Angaben k\u00f6nnen wir daher keine Haftung \u00fcbernehmen.<\/p>\n","protected":false},"excerpt":{"rendered":"<p>Webseitenbetreiber m\u00fcssen eine Vielzahl von Vorschriften \u200ebeachten. wir sind stets bem\u00fcht, die Grundregeln zu beachten und keine Vorschriften zu verletzen. Die rechtlichen Hinweise auf dieser Webseite erheben keinerlei Anspruch auf Vollst\u00e4ndigkeit. F\u00fcr die Richtigkeit der Angaben k\u00f6nnen wir daher keine Haftung \u00fcbernehmen.<\/p>\n","protected":false},"author":1,"featured_media":0,"parent":0,"menu_order":0,"comment_status":"closed","ping_status":"closed","template":"","meta":{"footnotes":"","_links_to":"","_links_to_target":""},"class_list":["post-16","page","type-page","status-publish","hentry"],"_links":{"self":[{"href":"https:\/\/frank-brodda.de\/index.php?rest_route=\/wp\/v2\/pages\/16","targetHints":{"allow":["GET"]}}],"collection":[{"href":"https:\/\/frank-brodda.de\/index.php?rest_route=\/wp\/v2\/pages"}],"about":[{"href":"https:\/\/frank-brodda.de\/index.php?rest_route=\/wp\/v2\/types\/page"}],"author":[{"embeddable":true,"href":"https:\/\/frank-brodda.de\/index.php?rest_route=\/wp\/v2\/users\/1"}],"replies":[{"embeddable":true,"href":"https:\/\/frank-brodda.de\/index.php?rest_route=%2Fwp%2Fv2%2Fcomments&post=16"}],"version-history":[{"count":4,"href":"https:\/\/frank-brodda.de\/index.php?rest_route=\/wp\/v2\/pages\/16\/revisions"}],"predecessor-version":[{"id":295,"href":"https:\/\/frank-brodda.de\/index.php?rest_route=\/wp\/v2\/pages\/16\/revisions\/295"}],"wp:attachment":[{"href":"https:\/\/frank-brodda.de\/index.php?rest_route=%2Fwp%2Fv2%2Fmedia&parent=16"}],"curies":[{"name":"wp","href":"https:\/\/api.w.org\/{rel}","templated":true}]}}