{"id":163,"date":"2016-07-10T14:27:28","date_gmt":"2016-07-10T14:27:28","guid":{"rendered":"http:\/\/frank-brodda.de\/?page_id=163"},"modified":"2018-06-25T13:37:42","modified_gmt":"2018-06-25T13:37:42","slug":"makleralleinauftrag","status":"publish","type":"page","link":"https:\/\/frank-brodda.de\/?page_id=163","title":{"rendered":"Makleralleinauftrag"},"content":{"rendered":"<h3 style=\"text-align: left;\">Warum ist die Erteilung eines\u00a0Makleralleinauftrag sinnvoll?<\/h3>\n<p style=\"text-align: left;\" align=\"center\">\nMit\u00a0<strong>Makleralleinauftrag<\/strong> wird der Immobilienmakler\u00a0f\u00fcr die gesamte\u00a0Vertragslaufzeit zu intensiven Bem\u00fchungen zu einem guten Abschluss des Immobiliengesch\u00e4fts\u00a0verpflichtet.<\/p>\n<p style=\"text-align: left;\" align=\"center\">Hierzu geh\u00f6ren\u00a0beispielsweise\u00a0angemessene Werbema\u00dfnahmen und eine marktgerechte Pr\u00e4sentation des Objektes\u00a0auf eigene Kosten.<\/p>\n<p style=\"text-align: left;\" align=\"center\">Der Auftraggeber verzichtet darauf, andere Makler oder Dritte einzuschalten.<\/p>\n<p style=\"text-align: left;\" align=\"center\">Der Makler\u00a0mit Alleinauftrag stellt sein ganzes Fachwissen, seine Verbindungen und seine Marktkenntnisse oder sein Wissen um\u00a0die\u00a0Abwicklungsmodalit\u00e4ten eines Immobiliengesch\u00e4fts in den Dienst des Kunden.<\/p>\n<p style=\"text-align: left;\" align=\"center\">Ohne Makleralleinauftrag gestaltet sich die allgemeine Auftragssituation sehr viel freier in der Handhabung, da\u00a0der Makler zu keinen besonderen Aktivit\u00e4ten verpflichtet ist, um den Auftragsabschluss zu forcieren. Es gen\u00fcgt, wenn er einfach abwartet, ob sich zuf\u00e4llig ein passender Interessent meldet.<\/p>\n<p style=\"text-align: left;\" align=\"center\">Auch ist beim Allgemeinen Maklerauftrag die parallele Beauftragung verschiedener Makler m\u00f6glich, was\u00a0f\u00fcr die K\u00e4uferseite\u00a0am Ende bedeuten k\u00f6nnte, mehrmals die volle Provision bezahlen zu m\u00fcssen.<\/p>\n<p style=\"text-align: left;\" align=\"center\">Da nicht direkt nachvollziehbar ist, welche verschiedenen Werbema\u00dfnahmen die einzelnen Makler getroffen haben,\u00a0besteht f\u00fcr die h\u00e4ufig angebotene Immobilie zudem das Risiko des &#8222;Ladenh\u00fcter-Flairs&#8220; mit\u00a0eventuell wechselndem\u00a0Preisniveau.<\/p>\n<p style=\"text-align: left;\" align=\"center\">Also\u00a0f\u00fcr einen erfolgreichen Abschluss des Immobiliengesch\u00e4fts besser nicht auf die Erteilung eines Makleralleinauftrages verzichten &#8230;<\/p>\n<p style=\"text-align: left;\" align=\"center\">\n<p style=\"text-align: left;\" align=\"center\">\n<p style=\"text-align: left;\" align=\"center\">\n<p style=\"text-align: left;\" align=\"center\">\n","protected":false},"excerpt":{"rendered":"<p>Warum ist die Erteilung eines\u00a0Makleralleinauftrag sinnvoll? Mit\u00a0Makleralleinauftrag wird der Immobilienmakler\u00a0f\u00fcr die gesamte\u00a0Vertragslaufzeit zu intensiven Bem\u00fchungen zu einem guten Abschluss des Immobiliengesch\u00e4fts\u00a0verpflichtet. Hierzu geh\u00f6ren\u00a0beispielsweise\u00a0angemessene Werbema\u00dfnahmen und eine marktgerechte Pr\u00e4sentation des Objektes\u00a0auf eigene Kosten. Der Auftraggeber verzichtet darauf, andere Makler oder Dritte einzuschalten. Der Makler\u00a0mit Alleinauftrag stellt sein ganzes Fachwissen, seine Verbindungen und seine Marktkenntnisse oder sein &hellip; <a href=\"https:\/\/frank-brodda.de\/?page_id=163\" class=\"more-link\"><span class=\"screen-reader-text\">\u201eMakleralleinauftrag\u201c<\/span> weiterlesen<\/a><\/p>\n","protected":false},"author":1,"featured_media":0,"parent":119,"menu_order":4,"comment_status":"closed","ping_status":"closed","template":"","meta":{"footnotes":"","_links_to":"","_links_to_target":""},"class_list":["post-163","page","type-page","status-publish","hentry"],"_links":{"self":[{"href":"https:\/\/frank-brodda.de\/index.php?rest_route=\/wp\/v2\/pages\/163","targetHints":{"allow":["GET"]}}],"collection":[{"href":"https:\/\/frank-brodda.de\/index.php?rest_route=\/wp\/v2\/pages"}],"about":[{"href":"https:\/\/frank-brodda.de\/index.php?rest_route=\/wp\/v2\/types\/page"}],"author":[{"embeddable":true,"href":"https:\/\/frank-brodda.de\/index.php?rest_route=\/wp\/v2\/users\/1"}],"replies":[{"embeddable":true,"href":"https:\/\/frank-brodda.de\/index.php?rest_route=%2Fwp%2Fv2%2Fcomments&post=163"}],"version-history":[{"count":3,"href":"https:\/\/frank-brodda.de\/index.php?rest_route=\/wp\/v2\/pages\/163\/revisions"}],"predecessor-version":[{"id":328,"href":"https:\/\/frank-brodda.de\/index.php?rest_route=\/wp\/v2\/pages\/163\/revisions\/328"}],"up":[{"embeddable":true,"href":"https:\/\/frank-brodda.de\/index.php?rest_route=\/wp\/v2\/pages\/119"}],"wp:attachment":[{"href":"https:\/\/frank-brodda.de\/index.php?rest_route=%2Fwp%2Fv2%2Fmedia&parent=163"}],"curies":[{"name":"wp","href":"https:\/\/api.w.org\/{rel}","templated":true}]}}