{"id":78,"date":"2016-07-07T14:48:27","date_gmt":"2016-07-07T14:48:27","guid":{"rendered":"http:\/\/frank-brodda.de\/?page_id=78"},"modified":"2023-04-04T16:03:57","modified_gmt":"2023-04-04T16:03:57","slug":"tippgeberinfo","status":"publish","type":"page","link":"https:\/\/frank-brodda.de\/?page_id=78","title":{"rendered":"Tippgeberinfo"},"content":{"rendered":"<ol>\n<li>Sie m\u00f6chten gerne mit minimalem Aufwand etwas dazuverdienen?<\/li>\n<\/ol>\n<h6>Werden Sie Tipp-Geber!<\/h6>\n<p>Sie kennen jemanden, der eine Immobilie verkaufen oder vermieten m\u00f6chte? Wenn Sie dem Immobilienmakler einen entsprechenden Kontakt vermitteln, stellt der sich dem Interessenten vor. Bei einem erfolgreichen Abschluss eines Kaufvertrages oder eines Mietvertrages erhalten Sie Ihre Tipp-Geber-Provision der Provision.<\/p>\n<h6>Auf welcher Grundlage werden Sie Tipp-Geber?<\/h6>\n<p>Der Tipp-Geber \u00fcbernimmt, ohne dass f\u00fcr ihn weitere Verpflichtungen entstehen, die Aufgabe, f\u00fcr den Immobilienmakler Kontakte herzustellen und gegebenenfalls Beratungstermine zu vereinbaren. Wichtig ist, dass die Kontaktpersonen\u00a0in jedem Fall\u00a0der Weitergabe ihrer Daten an den Immobilienmakler schriftlich zugestimmt haben. F\u00fcr Den Tipp-Geber entstehen keinerlei Verpflichtungen. Kundenberatung und Vertragsabschl\u00fcsse obliegen nur dem Immobilienmakler allein.<\/p>\n<h6>Was ist die Voraussetzung f\u00fcr die Tipp-Geber-Provision?<\/h6>\n<p>Der Tipp-Geber erh\u00e4lt f\u00fcr abgeschlossene Kaufvertr\u00e4ge, die aufgrund seiner Empfehlung oder Terminvereinbarung zustande gekommen sind, vom Immobilienmakler eine Tipp-Geber-Provision entsprechend den Tipp-Geber-Konditionen in der jeweils geltenden Fassung.<\/p>\n<h6>Wie hoch ist die Tipp-Geber-Provision?<\/h6>\n<p>Der Tipp-Geber vermittelt einen Interessenten zum Immobilienmakler. Der Immobilienmakler zahlt dem Tipp-Geber f\u00fcr einen erfolgreichen Vertragsabschluss unter 350.000,00 Euro Verkaufspreis eine Tipp-Geber-Provision in H\u00f6he von 500,00 Euro inklusive der gesetzlichen Mehrwertsteuer und f\u00fcr eine n erfolgreichen Vertragsabschluss \u00fcber 350.000,00 Euro Verkaufspreis eine Tipp-Geber-Provision in H\u00f6he von 1.000,00 Euro inklusive der gesetzlichen Mehrwertsteuer.<\/p>\n<h6>Wann wird die Tipp-Geber-Provision f\u00e4llig?<\/h6>\n<p>Die Tipp-Geber-Provision ist zur Auszahlung f\u00e4llig, wenn der Immobilienmakler \u00fcber seine eigene Provision verf\u00fcgen kann.<\/p>\n<h6>Wie Sie Tipp-Geber werden?<\/h6>\n<p>Melden Sie sich online an.<\/p>\n<h6>Sie m\u00f6chten kein Tipp-Geber mehr sein?<\/h6>\n<p>Melden\u00a0Sie\u00a0sich online ab.<\/p>\n<hr \/>\n<p>[si-contact-form form=&#8217;3&#8242;]<\/p>\n<hr \/>\n<p><em>Stand: 25.05.2018<\/em><\/p>\n","protected":false},"excerpt":{"rendered":"<p>Sie m\u00f6chten gerne mit minimalem Aufwand etwas dazuverdienen? Werden Sie Tipp-Geber! Sie kennen jemanden, der eine Immobilie verkaufen oder vermieten m\u00f6chte? Wenn Sie dem Immobilienmakler einen entsprechenden Kontakt vermitteln, stellt der sich dem Interessenten vor. Bei einem erfolgreichen Abschluss eines Kaufvertrages oder eines Mietvertrages erhalten Sie Ihre Tipp-Geber-Provision der Provision. Auf welcher Grundlage werden Sie &hellip; <a href=\"https:\/\/frank-brodda.de\/?page_id=78\" class=\"more-link\"><span class=\"screen-reader-text\">\u201eTippgeberinfo\u201c<\/span> weiterlesen<\/a><\/p>\n","protected":false},"author":1,"featured_media":0,"parent":0,"menu_order":0,"comment_status":"closed","ping_status":"closed","template":"","meta":{"footnotes":"","_links_to":"","_links_to_target":""},"class_list":["post-78","page","type-page","status-publish","hentry"],"_links":{"self":[{"href":"https:\/\/frank-brodda.de\/index.php?rest_route=\/wp\/v2\/pages\/78","targetHints":{"allow":["GET"]}}],"collection":[{"href":"https:\/\/frank-brodda.de\/index.php?rest_route=\/wp\/v2\/pages"}],"about":[{"href":"https:\/\/frank-brodda.de\/index.php?rest_route=\/wp\/v2\/types\/page"}],"author":[{"embeddable":true,"href":"https:\/\/frank-brodda.de\/index.php?rest_route=\/wp\/v2\/users\/1"}],"replies":[{"embeddable":true,"href":"https:\/\/frank-brodda.de\/index.php?rest_route=%2Fwp%2Fv2%2Fcomments&post=78"}],"version-history":[{"count":32,"href":"https:\/\/frank-brodda.de\/index.php?rest_route=\/wp\/v2\/pages\/78\/revisions"}],"predecessor-version":[{"id":384,"href":"https:\/\/frank-brodda.de\/index.php?rest_route=\/wp\/v2\/pages\/78\/revisions\/384"}],"wp:attachment":[{"href":"https:\/\/frank-brodda.de\/index.php?rest_route=%2Fwp%2Fv2%2Fmedia&parent=78"}],"curies":[{"name":"wp","href":"https:\/\/api.w.org\/{rel}","templated":true}]}}